{"id":8800,"date":"2025-07-20T05:50:54","date_gmt":"2025-07-20T02:50:54","guid":{"rendered":"https:\/\/safetica.ee\/kontekstipohine-kaitse\/"},"modified":"2025-07-26T06:32:46","modified_gmt":"2025-07-26T03:32:46","slug":"kontekstipohine-kaitse","status":"publish","type":"page","link":"https:\/\/safetica.ee\/et\/kontekstipohine-kaitse\/","title":{"rendered":"Kontekstip\u00f5hine kaitse"},"content":{"rendered":"\t\t<div data-elementor-type=\"wp-page\" data-elementor-id=\"8800\" class=\"elementor elementor-8800 elementor-8739\" data-elementor-post-type=\"page\">\n\t\t\t\t<div class=\"elementor-element elementor-element-4bc8f9d pt-4 e-flex e-con-boxed e-con e-parent\" data-id=\"4bc8f9d\" data-element_type=\"container\" data-e-type=\"container\">\r\n\t\t\t\t\t<div class=\"e-con-inner\">\r\n\t\t<div class=\"elementor-element elementor-element-1cfc52b e-con-full e-flex e-con e-child\" data-id=\"1cfc52b\" data-element_type=\"container\" data-e-type=\"container\">\r\n\t\t\t\t<div class=\"elementor-element elementor-element-1c9d89c elementor-widget elementor-widget-heading\" data-id=\"1c9d89c\" data-element_type=\"widget\" data-e-type=\"widget\" data-widget_type=\"heading.default\">\n\t\t\t\t<div class=\"elementor-widget-container\">\n\t\t\t\t\t<h1 class=\"elementor-heading-title elementor-size-default\">Kontekstip\u00f5hine kaitse<\/h1>\t\t\t\t<\/div>\n\t\t\t\t<\/div>\n\t\t\t\t<div class=\"elementor-element elementor-element-d096e7a elementor-widget elementor-widget-heading\" data-id=\"d096e7a\" data-element_type=\"widget\" data-e-type=\"widget\" data-widget_type=\"heading.default\">\n\t\t\t\t<div class=\"elementor-widget-container\">\n\t\t\t\t\t<p class=\"elementor-heading-title elementor-size-default\">Turvalisus algab teadmisest, mis tegelikult toimub<\/p>\t\t\t\t<\/div>\n\t\t\t\t<\/div>\n\t\t<div class=\"elementor-element elementor-element-92572cb e-con-full e-flex e-con e-child\" data-id=\"92572cb\" data-element_type=\"container\" data-e-type=\"container\">\r\n\t\t\t\t<div class=\"elementor-element elementor-element-831cc18 elementor-widget elementor-widget-porto_button\" data-id=\"831cc18\" data-element_type=\"widget\" data-e-type=\"widget\" data-widget_type=\"porto_button.default\">\n\t\t\t\t<div class=\"elementor-widget-container\">\n\t\t\t\t\t<a aria-label=\"button\" class=\"btn btn-md btn-secondary\" href=\"https:\/\/safetica.ee\/demo\"><span >Toote tutvustus<\/span><\/a>\t\t\t\t<\/div>\n\t\t\t\t<\/div>\n\t\t\t\t<div class=\"elementor-element elementor-element-0cfe9c3 elementor-widget elementor-widget-porto_button\" data-id=\"0cfe9c3\" data-element_type=\"widget\" data-e-type=\"widget\" data-widget_type=\"porto_button.default\">\n\t\t\t\t<div class=\"elementor-widget-container\">\n\t\t\t\t\t<a aria-label=\"button\" class=\"btn btn-md btn-tertiary\" href=\"https:\/\/safetica.ee\/et\/demo\/\"><span >Planeerige demo<\/span><\/a>\t\t\t\t<\/div>\n\t\t\t\t<\/div>\n\t\t\t\t<\/div>\n\t\t\t\t<\/div>\n\t\t<div class=\"elementor-element elementor-element-aee30ef e-con-full pe-xxl-5 e-flex e-con e-child\" data-id=\"aee30ef\" data-element_type=\"container\" data-e-type=\"container\">\r\n\t\t\t\t<div class=\"elementor-element elementor-element-2d76f54 elementor-widget elementor-widget-video\" data-id=\"2d76f54\" data-element_type=\"widget\" data-e-type=\"widget\" data-settings=\"{&quot;video_type&quot;:&quot;hosted&quot;,&quot;autoplay&quot;:&quot;yes&quot;,&quot;play_on_mobile&quot;:&quot;yes&quot;,&quot;start&quot;:0,&quot;mute&quot;:&quot;yes&quot;,&quot;loop&quot;:&quot;yes&quot;}\" data-widget_type=\"video.default\">\n\t\t\t\t<div class=\"elementor-widget-container\">\n\t\t\t\t\t\t\t<div class=\"e-hosted-video elementor-wrapper elementor-open-inline\">\n\t\t\t\t\t<video class=\"elementor-video\" src=\"https:\/\/safetica.ee\/wp-content\/uploads\/2025\/07\/contextual-defense-video.webm\" autoplay=\"\" loop=\"\" muted=\"muted\" playsinline=\"\" controlsList=\"nodownload\"><\/video>\n\t\t\t\t<\/div>\n\t\t\t\t\t\t<\/div>\n\t\t\t\t<\/div>\n\t\t\t\t<\/div>\n\t\t\t\t\t<\/div>\n\t\t\t\t<\/div>\n\t\t<div class=\"elementor-element elementor-element-26ae853 e-flex e-con-boxed e-con e-parent\" data-id=\"26ae853\" data-element_type=\"container\" data-e-type=\"container\" data-settings=\"{&quot;background_background&quot;:&quot;classic&quot;}\">\r\n\t\t\t\t\t<div class=\"e-con-inner\">\r\n\t\t\t\t<div class=\"elementor-element elementor-element-b45b3c5 elementor-widget elementor-widget-heading\" data-id=\"b45b3c5\" data-element_type=\"widget\" data-e-type=\"widget\" data-widget_type=\"heading.default\">\n\t\t\t\t<div class=\"elementor-widget-container\">\n\t\t\t\t\t<h2 class=\"elementor-heading-title elementor-size-default\">Teie ettev\u00f5tte j\u00e4relevalve<\/h2>\t\t\t\t<\/div>\n\t\t\t\t<\/div>\n\t\t\t\t<div class=\"elementor-element elementor-element-7f0189d elementor-widget__width-initial elementor-widget elementor-widget-text-editor\" data-id=\"7f0189d\" data-element_type=\"widget\" data-e-type=\"widget\" data-widget_type=\"text-editor.default\">\n\t\t\t\t<div class=\"elementor-widget-container\">\n\t\t\t\t\t\t\t\t\t<p class=\"western\" lang=\"et-EE\">Tehisaru kasutatav kontekstip\u00f5hine kaitse klassifitseerib t\u00e4pselt tundlikud andmed, tuvastab riskantse k\u00e4itumise ja kohandab ennetavalt kaitsemeetmeid, et tagada turvalisus \u00f5igel ajal ja \u00f5iges kohas.<\/p>\n\t\t\t\t\t\t\t\t<\/div>\n\t\t\t\t<\/div>\n\t\t\t\t\t<\/div>\n\t\t\t\t<\/div>\n\t\t<div class=\"elementor-element elementor-element-bcee553 pt-4 e-flex e-con-boxed e-con e-parent\" data-id=\"bcee553\" data-element_type=\"container\" data-e-type=\"container\">\r\n\t\t\t\t\t<div class=\"e-con-inner\">\r\n\t\t<div class=\"elementor-element elementor-element-914d985 e-con-full e-flex e-con e-child\" data-id=\"914d985\" data-element_type=\"container\" data-e-type=\"container\">\r\n\t\t\t\t<div class=\"elementor-element elementor-element-01ebde5 elementor-widget elementor-widget-heading\" data-id=\"01ebde5\" data-element_type=\"widget\" data-e-type=\"widget\" data-widget_type=\"heading.default\">\n\t\t\t\t<div class=\"elementor-widget-container\">\n\t\t\t\t\t<h2 class=\"elementor-heading-title elementor-size-default\"><span class=\"text-primary\">Nutikas<\/span> klassifitseerimine<\/h2>\t\t\t\t<\/div>\n\t\t\t\t<\/div>\n\t\t\t\t<div class=\"elementor-element elementor-element-3ef1895 elementor-widget__width-inherit elementor-widget elementor-widget-text-editor\" data-id=\"3ef1895\" data-element_type=\"widget\" data-e-type=\"widget\" data-widget_type=\"text-editor.default\">\n\t\t\t\t<div class=\"elementor-widget-container\">\n\t\t\t\t\t\t\t\t\t<p class=\"western\" lang=\"et-EE\">Nutikas klassifitseerimine kataloogib automaatselt ja reaalajas k\u00f5ik struktuursed ja mittestruktuursed andmed. Tundlikud andmed tuvastatakse t\u00e4pselt, kontrollides koos andmete sisuga ka konteksti, nagu faili omadused, metaandmed ja v\u00e4liste isikute klassifikatsioonid.<\/p><br><p class=\"western\" lang=\"et-EE\">Erinevad kontekstitegurid, n\u00e4iteks faili p\u00e4ritolu, info selle kohta, kas fail on kunagi olnud teatud asukohas, kas seda on kunagi teatud rakendustega muudetud v\u00f5i kas m\u00f5ni v\u00e4line isik on seda varem klassifitseerinud, kombineeritakse, saavutades andmete klassifitseerimisel m\u00e4rkimisv\u00e4\u00e4rse t\u00e4psuse.<\/p><br><p class=\"western\" lang=\"et-EE\">J\u00e4tke h\u00fcvasti valeh\u00e4iretega.<\/p>\t\t\t\t\t\t\t\t<\/div>\n\t\t\t\t<\/div>\n\t\t\t\t<\/div>\n\t\t<div class=\"elementor-element elementor-element-5b2d9ac e-con-full pe-xxl-5 e-flex e-con e-child\" data-id=\"5b2d9ac\" data-element_type=\"container\" data-e-type=\"container\">\r\n\t\t\t\t<div class=\"elementor-element elementor-element-587c9c7 elementor-widget__width-initial elementor-widget elementor-widget-image\" data-id=\"587c9c7\" data-element_type=\"widget\" data-e-type=\"widget\" data-widget_type=\"image.default\">\n\t\t\t\t<div class=\"elementor-widget-container\">\n\t\t\t\t\t\t\t\t\t\t\t\t\t\t\t<img fetchpriority=\"high\" decoding=\"async\" width=\"2110\" height=\"940\" src=\"https:\/\/safetica.ee\/wp-content\/uploads\/2025\/07\/snimek_obrazovky_2024-11-14_v_11-41-37.png\" class=\"attachment-full size-full wp-image-8747\" alt=\"\" srcset=\"https:\/\/safetica.ee\/wp-content\/uploads\/2025\/07\/snimek_obrazovky_2024-11-14_v_11-41-37.png 2110w, https:\/\/safetica.ee\/wp-content\/uploads\/2025\/07\/snimek_obrazovky_2024-11-14_v_11-41-37-1024x456.png 1024w, https:\/\/safetica.ee\/wp-content\/uploads\/2025\/07\/snimek_obrazovky_2024-11-14_v_11-41-37-768x342.png 768w, https:\/\/safetica.ee\/wp-content\/uploads\/2025\/07\/snimek_obrazovky_2024-11-14_v_11-41-37-1536x684.png 1536w, https:\/\/safetica.ee\/wp-content\/uploads\/2025\/07\/snimek_obrazovky_2024-11-14_v_11-41-37-2048x912.png 2048w, https:\/\/safetica.ee\/wp-content\/uploads\/2025\/07\/snimek_obrazovky_2024-11-14_v_11-41-37-640x285.png 640w, https:\/\/safetica.ee\/wp-content\/uploads\/2025\/07\/snimek_obrazovky_2024-11-14_v_11-41-37-400x178.png 400w, https:\/\/safetica.ee\/wp-content\/uploads\/2025\/07\/snimek_obrazovky_2024-11-14_v_11-41-37-600x267.png 600w\" sizes=\"(max-width: 2110px) 100vw, 2110px\" \/>\t\t\t\t\t\t\t\t\t\t\t\t\t\t\t<\/div>\n\t\t\t\t<\/div>\n\t\t\t\t<\/div>\n\t\t\t\t\t<\/div>\n\t\t\t\t<\/div>\n\t\t<div class=\"elementor-element elementor-element-3334f74 pt-4 e-flex e-con-boxed e-con e-parent\" data-id=\"3334f74\" data-element_type=\"container\" data-e-type=\"container\">\r\n\t\t\t\t\t<div class=\"e-con-inner\">\r\n\t\t<div class=\"elementor-element elementor-element-6a09924 e-con-full pe-xxl-5 e-flex e-con e-child\" data-id=\"6a09924\" data-element_type=\"container\" data-e-type=\"container\">\r\n\t\t\t\t<div class=\"elementor-element elementor-element-ed6b14e elementor-widget__width-initial elementor-widget elementor-widget-image\" data-id=\"ed6b14e\" data-element_type=\"widget\" data-e-type=\"widget\" data-widget_type=\"image.default\">\n\t\t\t\t<div class=\"elementor-widget-container\">\n\t\t\t\t\t\t\t\t\t\t\t\t\t\t\t<img decoding=\"async\" width=\"1866\" height=\"1158\" src=\"https:\/\/safetica.ee\/wp-content\/uploads\/2025\/07\/snimek_obrazovky_2024-11-14_v_11-41-58.png\" class=\"attachment-full size-full wp-image-8744\" alt=\"\" srcset=\"https:\/\/safetica.ee\/wp-content\/uploads\/2025\/07\/snimek_obrazovky_2024-11-14_v_11-41-58.png 1866w, https:\/\/safetica.ee\/wp-content\/uploads\/2025\/07\/snimek_obrazovky_2024-11-14_v_11-41-58-1024x635.png 1024w, https:\/\/safetica.ee\/wp-content\/uploads\/2025\/07\/snimek_obrazovky_2024-11-14_v_11-41-58-768x477.png 768w, https:\/\/safetica.ee\/wp-content\/uploads\/2025\/07\/snimek_obrazovky_2024-11-14_v_11-41-58-1536x953.png 1536w, https:\/\/safetica.ee\/wp-content\/uploads\/2025\/07\/snimek_obrazovky_2024-11-14_v_11-41-58-640x397.png 640w, https:\/\/safetica.ee\/wp-content\/uploads\/2025\/07\/snimek_obrazovky_2024-11-14_v_11-41-58-400x248.png 400w, https:\/\/safetica.ee\/wp-content\/uploads\/2025\/07\/snimek_obrazovky_2024-11-14_v_11-41-58-600x372.png 600w\" sizes=\"(max-width: 1866px) 100vw, 1866px\" \/>\t\t\t\t\t\t\t\t\t\t\t\t\t\t\t<\/div>\n\t\t\t\t<\/div>\n\t\t\t\t<\/div>\n\t\t<div class=\"elementor-element elementor-element-24023c8 e-con-full ps-xxl-5 e-flex e-con e-child\" data-id=\"24023c8\" data-element_type=\"container\" data-e-type=\"container\">\r\n\t\t\t\t<div class=\"elementor-element elementor-element-bf89ff5 elementor-widget elementor-widget-heading\" data-id=\"bf89ff5\" data-element_type=\"widget\" data-e-type=\"widget\" data-widget_type=\"heading.default\">\n\t\t\t\t<div class=\"elementor-widget-container\">\n\t\t\t\t\t<h2 class=\"elementor-heading-title elementor-size-default\">Kontekstip\u00f5hiline <span class=\"text-primary\">riskianal\u00fc\u00fcs<\/span> <\/h2>\t\t\t\t<\/div>\n\t\t\t\t<\/div>\n\t\t\t\t<div class=\"elementor-element elementor-element-f43b1ad elementor-widget__width-inherit elementor-widget elementor-widget-text-editor\" data-id=\"f43b1ad\" data-element_type=\"widget\" data-e-type=\"widget\" data-widget_type=\"text-editor.default\">\n\t\t\t\t<div class=\"elementor-widget-container\">\n\t\t\t\t\t\t\t\t\t<p class=\"western\" lang=\"et-EE\">Iga teie meeskonna teostatavat andmetega seotud toimingut (n\u00e4iteks faili kopeerimist v\u00f5i sisu veebilehele \u00fcleslaadimist) anal\u00fc\u00fcsitakse ja hinnatakse.<\/p><br><p class=\"western\" lang=\"et-EE\">Hindamise k\u00e4igus uuritakse p\u00f5hjalikult konteksti, nagu kellaaeg, sihtkoht, edastamise meetod ja andmete klassifikatsioon, mis v\u00f5imaldab suure riskiga tegevusi kohe m\u00e4rgata, ilma et see takistaks teie meeskonna tavap\u00e4rast t\u00f6\u00f6d.<\/p><br><p class=\"western\" lang=\"et-EE\">Vabanege hoiatuste \u00fclekoormusest.<\/p>\t\t\t\t\t\t\t\t<\/div>\n\t\t\t\t<\/div>\n\t\t\t\t<\/div>\n\t\t\t\t\t<\/div>\n\t\t\t\t<\/div>\n\t\t<div class=\"elementor-element elementor-element-694d0a0 pt-4 e-flex e-con-boxed e-con e-parent\" data-id=\"694d0a0\" data-element_type=\"container\" data-e-type=\"container\">\r\n\t\t\t\t\t<div class=\"e-con-inner\">\r\n\t\t<div class=\"elementor-element elementor-element-2cd5beb e-con-full e-flex e-con e-child\" data-id=\"2cd5beb\" data-element_type=\"container\" data-e-type=\"container\">\r\n\t\t\t\t<div class=\"elementor-element elementor-element-16b690a elementor-widget elementor-widget-heading\" data-id=\"16b690a\" data-element_type=\"widget\" data-e-type=\"widget\" data-widget_type=\"heading.default\">\n\t\t\t\t<div class=\"elementor-widget-container\">\n\t\t\t\t\t<h2 class=\"elementor-heading-title elementor-size-default\"><span class=\"text-primary\">Kohanduv<\/span> turvalisus<\/h2>\t\t\t\t<\/div>\n\t\t\t\t<\/div>\n\t\t\t\t<div class=\"elementor-element elementor-element-ffc5518 elementor-widget__width-inherit elementor-widget elementor-widget-text-editor\" data-id=\"ffc5518\" data-element_type=\"widget\" data-e-type=\"widget\" data-widget_type=\"text-editor.default\">\n\t\t\t\t<div class=\"elementor-widget-container\">\n\t\t\t\t\t\t\t\t\t<p class=\"western\" lang=\"et-EE\">Kontekstip\u00f5hise kaitse abil kohandub turvas\u00fcsteem automaatselt teiega, rakendades rangeid kaitsemeetmeid ohtlike tegevuste blokeerimiseks, ilma et see takistaks teie meeskonna tavap\u00e4rast t\u00f6\u00f6d.<\/p>\n<p><\/p>\n<p class=\"western\" lang=\"et-EE\">Masin\u00f5pe j\u00e4lgib, kuidas inimesed ja teie ettev\u00f5te tavaliselt andmetega t\u00f6\u00f6tavad. Kui \u00fcletatakse kontekstip\u00f5hiseid riskik\u00fcnniseid, saab d\u00fcnaamiliste reeglite j\u00e4rgi saata kasutajale teate koos v\u00f5imalusega toiming siiski teostada. Ebatavalise tegevuse j\u00e4tkumine v\u00f5i t\u00f5sisemad k\u00f5rvalekalded tavap\u00e4rastest mustritest blokeeritakse automaatselt.<\/p>\n<p><\/p>\n<p class=\"western\" lang=\"et-EE\">V\u00e4ltige tarbetuid katkestusi.<\/p>\n\t\t\t\t\t\t\t\t<\/div>\n\t\t\t\t<\/div>\n\t\t\t\t<\/div>\n\t\t<div class=\"elementor-element elementor-element-7d93912 e-con-full pe-xxl-5 e-flex e-con e-child\" data-id=\"7d93912\" data-element_type=\"container\" data-e-type=\"container\">\r\n\t\t\t\t<div class=\"elementor-element elementor-element-988a903 elementor-widget__width-initial elementor-widget elementor-widget-image\" data-id=\"988a903\" data-element_type=\"widget\" data-e-type=\"widget\" data-widget_type=\"image.default\">\n\t\t\t\t<div class=\"elementor-widget-container\">\n\t\t\t\t\t\t\t\t\t\t\t\t\t\t\t<img decoding=\"async\" width=\"2250\" height=\"1216\" src=\"https:\/\/safetica.ee\/wp-content\/uploads\/2025\/07\/snimek_obrazovky_2024-11-14_v_11-42-16.png\" class=\"attachment-full size-full wp-image-8741\" alt=\"\" srcset=\"https:\/\/safetica.ee\/wp-content\/uploads\/2025\/07\/snimek_obrazovky_2024-11-14_v_11-42-16.png 2250w, https:\/\/safetica.ee\/wp-content\/uploads\/2025\/07\/snimek_obrazovky_2024-11-14_v_11-42-16-1024x553.png 1024w, https:\/\/safetica.ee\/wp-content\/uploads\/2025\/07\/snimek_obrazovky_2024-11-14_v_11-42-16-768x415.png 768w, https:\/\/safetica.ee\/wp-content\/uploads\/2025\/07\/snimek_obrazovky_2024-11-14_v_11-42-16-1536x830.png 1536w, https:\/\/safetica.ee\/wp-content\/uploads\/2025\/07\/snimek_obrazovky_2024-11-14_v_11-42-16-2048x1107.png 2048w, https:\/\/safetica.ee\/wp-content\/uploads\/2025\/07\/snimek_obrazovky_2024-11-14_v_11-42-16-640x346.png 640w, https:\/\/safetica.ee\/wp-content\/uploads\/2025\/07\/snimek_obrazovky_2024-11-14_v_11-42-16-400x216.png 400w, https:\/\/safetica.ee\/wp-content\/uploads\/2025\/07\/snimek_obrazovky_2024-11-14_v_11-42-16-600x324.png 600w\" sizes=\"(max-width: 2250px) 100vw, 2250px\" \/>\t\t\t\t\t\t\t\t\t\t\t\t\t\t\t<\/div>\n\t\t\t\t<\/div>\n\t\t\t\t<\/div>\n\t\t\t\t\t<\/div>\n\t\t\t\t<\/div>\n\t\t<div class=\"elementor-element elementor-element-9d2f944 e-flex e-con-boxed e-con e-parent\" data-id=\"9d2f944\" data-element_type=\"container\" data-e-type=\"container\">\r\n\t\t\t\t\t<div class=\"e-con-inner\">\r\n\t\t<div class=\"elementor-element elementor-element-3cc489a e-con-full e-flex e-con e-child\" data-id=\"3cc489a\" data-element_type=\"container\" data-e-type=\"container\">\r\n\t\t\t\t<div class=\"elementor-element elementor-element-39d3613 elementor-widget elementor-widget-porto_button\" data-id=\"39d3613\" data-element_type=\"widget\" data-e-type=\"widget\" data-widget_type=\"porto_button.default\">\n\t\t\t\t<div class=\"elementor-widget-container\">\n\t\t\t\t\t<a aria-label=\"button\" class=\"btn btn-xl btn-secondary\" href=\"https:\/\/safetica.ee\/et\/demo\/\"><span >Alustage kohe<\/span><\/a>\t\t\t\t<\/div>\n\t\t\t\t<\/div>\n\t\t\t\t<\/div>\n\t\t\t\t\t<\/div>\n\t\t\t\t<\/div>\n\t\t\t\t<\/div>\n\t\t","protected":false},"excerpt":{"rendered":"<p>Kontekstip\u00f5hine kaitse Turvalisus algab teadmisest, mis tegelikult toimub Toote tutvustus Planeerige demo https:\/\/safetica.ee\/wp-content\/uploads\/2025\/07\/contextual-defense-video.webm Teie ettev\u00f5tte j\u00e4relevalve Tehisaru kasutatav kontekstip\u00f5hine kaitse klassifitseerib t\u00e4pselt tundlikud andmed, tuvastab riskantse k\u00e4itumise ja kohandab ennetavalt kaitsemeetmeid, et tagada turvalisus \u00f5igel ajal ja \u00f5iges kohas. Nutikas klassifitseerimine Nutikas klassifitseerimine kataloogib automaatselt ja reaalajas k\u00f5ik struktuursed ja mittestruktuursed andmed. Tundlikud andmed tuvastatakse [&hellip;]<\/p>\n","protected":false},"author":1,"featured_media":0,"parent":0,"menu_order":0,"comment_status":"closed","ping_status":"closed","template":"","meta":{"footnotes":""},"class_list":["post-8800","page","type-page","status-publish","hentry"],"aioseo_notices":[],"_links":{"self":[{"href":"https:\/\/safetica.ee\/et\/wp-json\/wp\/v2\/pages\/8800","targetHints":{"allow":["GET"]}}],"collection":[{"href":"https:\/\/safetica.ee\/et\/wp-json\/wp\/v2\/pages"}],"about":[{"href":"https:\/\/safetica.ee\/et\/wp-json\/wp\/v2\/types\/page"}],"author":[{"embeddable":true,"href":"https:\/\/safetica.ee\/et\/wp-json\/wp\/v2\/users\/1"}],"replies":[{"embeddable":true,"href":"https:\/\/safetica.ee\/et\/wp-json\/wp\/v2\/comments?post=8800"}],"version-history":[{"count":3,"href":"https:\/\/safetica.ee\/et\/wp-json\/wp\/v2\/pages\/8800\/revisions"}],"predecessor-version":[{"id":8809,"href":"https:\/\/safetica.ee\/et\/wp-json\/wp\/v2\/pages\/8800\/revisions\/8809"}],"wp:attachment":[{"href":"https:\/\/safetica.ee\/et\/wp-json\/wp\/v2\/media?parent=8800"}],"curies":[{"name":"wp","href":"https:\/\/api.w.org\/{rel}","templated":true}]}}