{"id":7729,"date":"2025-03-20T20:44:45","date_gmt":"2025-03-20T20:44:45","guid":{"rendered":"https:\/\/safetica.ee\/kasutaja-tegevuse-ja-tooruumi-audit\/"},"modified":"2025-06-11T23:58:43","modified_gmt":"2025-06-11T23:58:43","slug":"solutions-user-activity-and-workspace-audit","status":"publish","type":"page","link":"https:\/\/safetica.ee\/et\/solutions-user-activity-and-workspace-audit\/","title":{"rendered":"Kasutaja tegevuse ja t\u00f6\u00f6ruumi audit"},"content":{"rendered":"\t\t<div data-elementor-type=\"wp-page\" data-elementor-id=\"7729\" class=\"elementor elementor-7729 elementor-4051\" data-elementor-post-type=\"page\">\n\t\t\t\t<div data-plugin-parallax=\"\" data-plugin-options=\"{&quot;speed&quot;: 1}\" class=\"porto_stretch_css stretch_row_css elementor-element elementor-element-fce33f8 e-flex e-con-boxed e-con e-parent\" data-id=\"fce33f8\" data-element_type=\"container\" data-e-type=\"container\" data-settings=\"{&quot;background_background&quot;:&quot;classic&quot;}\">\r\n\t\t\t\t\t<div class=\"e-con-inner\">\r\n\t\t<div class=\"elementor-element elementor-element-4ef46d6 e-con-full e-flex e-con e-child\" data-id=\"4ef46d6\" data-element_type=\"container\" data-e-type=\"container\">\r\n\t\t\t\t<div class=\"elementor-element elementor-element-a009ca1 elementor-widget elementor-widget-heading\" data-id=\"a009ca1\" data-element_type=\"widget\" data-e-type=\"widget\" data-widget_type=\"heading.default\">\n\t\t\t\t<div class=\"elementor-widget-container\">\n\t\t\t\t\t<h1 class=\"elementor-heading-title elementor-size-default\">Kasutaja tegevuste ja t\u00f6\u00f6ruumi auditeerimine<\/h1>\t\t\t\t<\/div>\n\t\t\t\t<\/div>\n\t\t\t\t<div class=\"elementor-element elementor-element-4de1b71 elementor-widget elementor-widget-text-editor\" data-id=\"4de1b71\" data-element_type=\"widget\" data-e-type=\"widget\" data-widget_type=\"text-editor.default\">\n\t\t\t\t<div class=\"elementor-widget-container\">\n\t\t\t\t\t\t\t\t\t<ul>\n<li class=\"western\"><span lang=\"et-EE\">Siseohtude tuvastamine ettev\u00f5tte kaitstud perimeetri<\/span><\/li>\n<li class=\"western\"><span lang=\"et-EE\">Riskide anal\u00fc\u00fcs kasutaja tegevustes ja ohtlike toimingute blokeerimine<\/span><\/li>\n<li class=\"western\"><span lang=\"et-EE\">Vari-IT (soovimatu tarkvara ja seadmed) avastamine ja tagaj\u00e4rgede leevendamine.<\/span><\/li>\n<li class=\"western\"><span lang=\"et-EE\">Reaalajas teavitused ja kokkuv\u00f5tvad aruanded t\u00f6\u00f6ruumi ja kasutaja tegevuse kohta.<\/span><\/li>\n<\/ul>\n\t\t\t\t\t\t\t\t<\/div>\n\t\t\t\t<\/div>\n\t\t\t\t<div class=\"elementor-element elementor-element-5765c75 elementor-widget elementor-widget-porto_button\" data-id=\"5765c75\" data-element_type=\"widget\" data-e-type=\"widget\" data-widget_type=\"porto_button.default\">\n\t\t\t\t<div class=\"elementor-widget-container\">\n\t\t\t\t\t<a aria-label=\"button\" class=\"btn btn-md btn-secondary\" href=\"https:\/\/safetica.ee\/et\/demo\/\"><span >Planeerige demo<\/span><\/a>\t\t\t\t<\/div>\n\t\t\t\t<\/div>\n\t\t\t\t<\/div>\n\t\t\t\t\t<\/div>\n\t\t\t\t<\/div>\n\t\t<div class=\"elementor-element elementor-element-426edaf e-flex e-con-boxed e-con e-parent\" data-id=\"426edaf\" data-element_type=\"container\" data-e-type=\"container\">\r\n\t\t\t\t\t<div class=\"e-con-inner\">\r\n\t\t<div class=\"elementor-element elementor-element-b648313 e-con-full e-flex e-con e-child\" data-id=\"b648313\" data-element_type=\"container\" data-e-type=\"container\">\r\n\t\t\t\t<div class=\"elementor-element elementor-element-a172033 elementor-widget elementor-widget-image\" data-id=\"a172033\" data-element_type=\"widget\" data-e-type=\"widget\" data-widget_type=\"image.default\">\n\t\t\t\t<div class=\"elementor-widget-container\">\n\t\t\t\t\t\t\t\t\t\t\t\t\t\t\t<img fetchpriority=\"high\" decoding=\"async\" width=\"1024\" height=\"610\" src=\"https:\/\/safetica.ee\/wp-content\/uploads\/2025\/03\/1-1024x610.jpg\" class=\"attachment-large size-large wp-image-4090\" alt=\"\" srcset=\"https:\/\/safetica.ee\/wp-content\/uploads\/2025\/03\/1-1024x610.jpg 1024w, https:\/\/safetica.ee\/wp-content\/uploads\/2025\/03\/1-768x457.jpg 768w, https:\/\/safetica.ee\/wp-content\/uploads\/2025\/03\/1-640x381.jpg 640w, https:\/\/safetica.ee\/wp-content\/uploads\/2025\/03\/1-400x238.jpg 400w, https:\/\/safetica.ee\/wp-content\/uploads\/2025\/03\/1-600x357.jpg 600w\" sizes=\"(max-width: 1024px) 100vw, 1024px\" \/>\t\t\t\t\t\t\t\t\t\t\t\t\t\t\t<\/div>\n\t\t\t\t<\/div>\n\t\t\t\t<\/div>\n\t\t<div class=\"elementor-element elementor-element-6cea772 e-con-full e-flex e-con e-child\" data-id=\"6cea772\" data-element_type=\"container\" data-e-type=\"container\">\r\n\t\t\t\t<div class=\"elementor-element elementor-element-f00a7e2 elementor-widget elementor-widget-heading\" data-id=\"f00a7e2\" data-element_type=\"widget\" data-e-type=\"widget\" data-widget_type=\"heading.default\">\n\t\t\t\t<div class=\"elementor-widget-container\">\n\t\t\t\t\t<h2 class=\"elementor-heading-title elementor-size-default\"><span class=\"text-primary\">Olge teadlik <\/span>kasutaja soovimatutest tegevustest<\/h2>\t\t\t\t<\/div>\n\t\t\t\t<\/div>\n\t\t\t\t<div class=\"elementor-element elementor-element-9897628 elementor-widget elementor-widget-text-editor\" data-id=\"9897628\" data-element_type=\"widget\" data-e-type=\"widget\" data-widget_type=\"text-editor.default\">\n\t\t\t\t<div class=\"elementor-widget-container\">\n\t\t\t\t\t\t\t\t\t<p><span lang=\"et-EE\">T\u00e4nap\u00e4evane IT-turvalisus ei t\u00e4henda ainult ettev\u00f5tte kaitsmist v\u00e4liste ohtude eest, vaid tuleb olla teadlik ka siseringiriskidest. Safetica aitab kaitsta andmeid nii teie enda kasutajate tahtmatu kui ka pahatahtliku k\u00e4itumise eest:<\/span><b><\/b><\/p>\n<ul>\n<li><span lang=\"et-EE\"><b>Riskianal\u00fc\u00fcs <\/b><\/span><span lang=\"et-EE\">kasutaja tegevustes, n\u00e4iteks failiedastus, kiirs\u00f5numside, printimine, meilimanuste saatmine jms.<\/span><\/li>\n<p> \t<\/p>\n<li><span lang=\"et-EE\"><b>Vaadake, milliseid t\u00f6\u00f6portaale Teie t\u00f6\u00f6tajad k\u00fclastavad, <\/b><\/span><span lang=\"et-EE\">kuna need v\u00f5ivad tulevikus kujutada endast andmeturberiski.<\/span><\/li>\n<p> \t<\/p>\n<li><span lang=\"et-EE\"><b>Kasutage t\u00f5husaid <\/b><\/span><span lang=\"et-EE\"><b>poliitikaid<\/b><\/span><span lang=\"et-EE\"> teavituste kuvamiseks, logimiseks v\u00f5i v\u00f5imaliku riskik\u00e4itumise blokeerimiseks.<\/span><\/li>\n<p> \t<\/p>\n<li><span lang=\"et-EE\"><b>Saage reaalajas m\u00e4rguandeid ja aruandeid <\/b><\/span><span lang=\"et-EE\">blokeeritud tegevuste v\u00f5i rakendustes v\u00f5i veebilehtedel veedetud aja kohta.<\/span><\/li>\n<p> \t<\/p>\n<li><span lang=\"et-EE\"><b>Kontrollige, milliseid ressursse <\/b><\/span><span lang=\"et-EE\">saab Teie ettev\u00f5ttes kasutada.<\/span><\/li>\n<p> \t<\/p>\n<li><span lang=\"et-EE\">Visualiseerige <\/span><span lang=\"et-EE\"><b>kasutaja k\u00e4itumissuundumusi<\/b><\/span><span lang=\"et-EE\">.<\/span><\/li>\n<p><\/ul>\n\t\t\t\t\t\t\t\t<\/div>\n\t\t\t\t<\/div>\n\t\t\t\t<\/div>\n\t\t\t\t\t<\/div>\n\t\t\t\t<\/div>\n\t\t<div class=\"elementor-element elementor-element-23c81d0 row e-flex e-con-boxed e-con e-parent\" data-id=\"23c81d0\" data-element_type=\"container\" data-e-type=\"container\">\r\n\t\t\t\t\t<div class=\"e-con-inner\">\r\n\t\t<div class=\"elementor-element elementor-element-014b610 e-con-full col-12 col-lg-8 offset-lg-2 e-flex e-con e-child\" data-id=\"014b610\" data-element_type=\"container\" data-e-type=\"container\">\r\n\t\t\t\t<div class=\"elementor-element elementor-element-f11ac76 elementor-widget-mobile__width-initial elementor-widget__width-inherit elementor-widget elementor-widget-heading\" data-id=\"f11ac76\" data-element_type=\"widget\" data-e-type=\"widget\" data-widget_type=\"heading.default\">\n\t\t\t\t<div class=\"elementor-widget-container\">\n\t\t\t\t\t<h1 class=\"elementor-heading-title elementor-size-default\">T\u00f6\u00f6 tulemuslikkuse <span class=\"text-primary\">auditeerimine<\/span><\/h1>\t\t\t\t<\/div>\n\t\t\t\t<\/div>\n\t\t\t\t<div class=\"elementor-element elementor-element-7670d30 elementor-widget__width-inherit elementor-widget elementor-widget-text-editor\" data-id=\"7670d30\" data-element_type=\"widget\" data-e-type=\"widget\" data-widget_type=\"text-editor.default\">\n\t\t\t\t<div class=\"elementor-widget-container\">\n\t\t\t\t\t\t\t\t\t<p class=\"western\"><span lang=\"et-EE\">Parem \u00fclevaade ettev\u00f5tte tegevusest aitab teil juhtida ettev\u00f5tet veelgi sujuvamalt. Tuvastage oma protsessides probleemsed elemendid, kasutage ressursse t\u00f5husalt ja lahendage turvalisuse v\u00f5i ettev\u00f5tte tegevuse t\u00f5hususega seotud probleemid. Olge k\u00f5ige vajalikuga kursis ka siis, kui t\u00f6\u00f6tajad t\u00f6\u00f6tavad kodus v\u00f5i liikvel olles.<\/span><\/p>\n\t\t\t\t\t\t\t\t<\/div>\n\t\t\t\t<\/div>\n\t\t<div class=\"elementor-element elementor-element-976e782 e-con-full e-flex e-con e-child\" data-id=\"976e782\" data-element_type=\"container\" data-e-type=\"container\">\r\n\t\t\t\t<div class=\"elementor-element elementor-element-379117a elementor-widget__width-initial elementor-widget elementor-widget-heading\" data-id=\"379117a\" data-element_type=\"widget\" data-e-type=\"widget\" data-widget_type=\"heading.default\">\n\t\t\t\t<div class=\"elementor-widget-container\">\n\t\t\t\t\t<h3 class=\"elementor-heading-title elementor-size-default\"><b>Safetica abil saate:<\/b><\/h3>\t\t\t\t<\/div>\n\t\t\t\t<\/div>\n\t\t\t\t<div class=\"elementor-element elementor-element-295c411 elementor-widget__width-inherit elementor-widget elementor-widget-text-editor\" data-id=\"295c411\" data-element_type=\"widget\" data-e-type=\"widget\" data-widget_type=\"text-editor.default\">\n\t\t\t\t<div class=\"elementor-widget-container\">\n\t\t\t\t\t\t\t\t\t<ul>\n<li class=\"western\"><span lang=\"et-EE\">parema \u00fclevaate <\/span><span lang=\"et-EE\"><b>kasutajate tegevusest l\u00f5pp-punktides, v\u00f5rgus ja pilves;<\/b><\/span><\/li>\n<li class=\"western\"><span lang=\"et-EE\"><b>kuvatud auditeeritud andmed <\/b><\/span><span lang=\"et-EE\">kohandatavates aruannetes;<\/span><\/li>\n<li class=\"western\"><span lang=\"et-EE\"><b>kohtuekspertiisi t\u00f5endid <\/b><\/span><span lang=\"et-EE\">kasutaja tegevuse ja ettev\u00f5tte eeskirjade rikkumiste kohta;<\/span><\/li>\n<li class=\"western\"><span lang=\"et-EE\">\u00fclevaate <\/span><span lang=\"et-EE\"><b>tarkvara, pilveteenuste ja riistvara kasutamisest <\/b><\/span><span lang=\"et-EE\">ettev\u00f5ttes;<\/span><\/li>\n<li class=\"western\"><span lang=\"et-EE\"><b>tsentraalse BitLockeri kr\u00fcptimise haldamise<\/b><\/span><span lang=\"et-EE\">, et kaitsta andmeid seadme varguse korral;<\/span><\/li>\n<li class=\"western\"><span lang=\"et-EE\">automaatsed aruanded ja reaalajas m\u00e4rguanded kasutajate kohta, <\/span><span lang=\"et-EE\"><b>kes t\u00f6\u00f6tavad kohapeal v\u00f5i teevad kaugt\u00f6\u00f6d.<\/b><\/span><\/li>\n<\/ul>\n\t\t\t\t\t\t\t\t<\/div>\n\t\t\t\t<\/div>\n\t\t\t\t<\/div>\n\t\t\t\t<\/div>\n\t\t\t\t\t<\/div>\n\t\t\t\t<\/div>\n\t\t<div class=\"elementor-element elementor-element-b80dd23 row e-flex e-con-boxed e-con e-parent\" data-id=\"b80dd23\" data-element_type=\"container\" data-e-type=\"container\">\r\n\t\t\t\t\t<div class=\"e-con-inner\">\r\n\t\t\t\t<div class=\"elementor-element elementor-element-46e6d5d elementor-widget elementor-widget-image\" data-id=\"46e6d5d\" data-element_type=\"widget\" data-e-type=\"widget\" data-widget_type=\"image.default\">\n\t\t\t\t<div class=\"elementor-widget-container\">\n\t\t\t\t\t\t\t\t\t\t\t\t\t\t\t<img decoding=\"async\" width=\"768\" height=\"326\" src=\"https:\/\/safetica.ee\/wp-content\/uploads\/2025\/03\/2-2-768x326.png\" class=\"attachment-medium_large size-medium_large wp-image-4097\" alt=\"\" srcset=\"https:\/\/safetica.ee\/wp-content\/uploads\/2025\/03\/2-2-768x326.png 768w, https:\/\/safetica.ee\/wp-content\/uploads\/2025\/03\/2-2-640x272.png 640w, https:\/\/safetica.ee\/wp-content\/uploads\/2025\/03\/2-2-400x170.png 400w, https:\/\/safetica.ee\/wp-content\/uploads\/2025\/03\/2-2-600x255.png 600w\" sizes=\"(max-width: 768px) 100vw, 768px\" \/>\t\t\t\t\t\t\t\t\t\t\t\t\t\t\t<\/div>\n\t\t\t\t<\/div>\n\t\t\t\t\t<\/div>\n\t\t\t\t<\/div>\n\t\t\t\t<section class=\"elementor-section elementor-top-section elementor-element elementor-element-158fa50 p-t-xlg p-b-xl elementor-section-boxed elementor-section-height-default elementor-section-height-default\" data-id=\"158fa50\" data-element_type=\"section\" data-e-type=\"section\">\r\n\t\t\t\t\t\t<div class=\"elementor-background-overlay\"><\/div>\r\n\t\t\t\r\n\t\t\t\t\t\t\t<div class=\"elementor-container elementor-column-gap-default\">\r\n\t\t\t\t\t\t\t\t\t\t\t<div class=\"elementor-column elementor-col-100 elementor-top-column elementor-element elementor-element-560497a\" data-id=\"560497a\" data-element_type=\"column\" data-e-type=\"column\" data-settings=\"{&quot;background_background&quot;:&quot;classic&quot;}\">\r\n\t\t\t\t\t<div class=\"elementor-widget-wrap elementor-element-populated\">\r\n\t\t\t\t\t\t\t\t<div class=\"elementor-element elementor-element-e72f8a2 elementor-widget elementor-widget-heading\" data-id=\"e72f8a2\" data-element_type=\"widget\" data-e-type=\"widget\" data-widget_type=\"heading.default\">\n\t\t\t\t<div class=\"elementor-widget-container\">\n\t\t\t\t\t<h2 class=\"elementor-heading-title elementor-size-default\">Miks valida <span class=\"text-primary\">Safetica<\/span>?<\/h2>\t\t\t\t<\/div>\n\t\t\t\t<\/div>\n\t\t\t\t<section class=\"elementor-section elementor-inner-section elementor-element elementor-element-a7faf06 elementor-section-boxed elementor-section-height-default elementor-section-height-default\" data-id=\"a7faf06\" data-element_type=\"section\" data-e-type=\"section\">\r\n\t\t\r\n\t\t\t\t\t\t\t<div class=\"elementor-container elementor-column-gap-default\">\r\n\t\t\t\t\t\t\t\t\t\t\t<div class=\"elementor-column elementor-col-33 elementor-inner-column elementor-element elementor-element-2060c48\" data-id=\"2060c48\" data-element_type=\"column\" data-e-type=\"column\" data-settings=\"{&quot;animation&quot;:&quot;none&quot;}\">\r\n\t\t\t\t\t<div class=\"elementor-widget-wrap elementor-element-populated\">\r\n\t\t\t\t\t\t\t\t<div class=\"elementor-element elementor-element-88e0e0c elementor-widget elementor-widget-porto_info_box\" data-id=\"88e0e0c\" data-element_type=\"widget\" data-e-type=\"widget\" data-settings=\"{&quot;_animation&quot;:&quot;none&quot;}\" data-widget_type=\"porto_info_box.default\">\n\t\t\t\t<div class=\"elementor-widget-container\">\n\t\t\t\t\t<div class=\"porto-sicon-box style_1 top-icon\"><div class=\"porto-sicon-top\"><div class=\"porto-just-icon-wrapper porto-sicon-img  porto-icon-d751713988987e9331980363e24189ce\" style=\"\"><img decoding=\"async\" class=\"img-icon\" alt=\"\" src=\"https:\/\/safetica.ee\/wp-content\/uploads\/2025\/03\/3-2.png\" width=\"240\" height=\"240\" \/><\/div><\/div><div class=\"porto-sicon-header\"><h3 class=\"porto-sicon-title\" style=\"\">Pidev j\u00e4lgimine ja auditeerimine<\/h3><\/div> <!-- header --><div class=\"porto-sicon-description\" style=\"\" ><p class=\"p1\">Safetica pakub reaalajas j\u00e4lgimist ja auditij\u00e4lgi, mis tagavad t\u00e4ieliku \u00fclevaate juurdep\u00e4\u00e4sust andmetele ja nende kasutamisest, millega toetatakse eeskirjade j\u00e4rgimist ja turbealaseid j\u00f5upingutusi.<\/p><\/div> <!-- description --><\/div><!-- porto-sicon-box -->\t\t\t\t<\/div>\n\t\t\t\t<\/div>\n\t\t\t\t\t<\/div>\r\n\t\t\t\t<\/div>\r\n\t\t\t\t<div class=\"elementor-column elementor-col-33 elementor-inner-column elementor-element elementor-element-d45e08a\" data-id=\"d45e08a\" data-element_type=\"column\" data-e-type=\"column\">\r\n\t\t\t\t\t<div class=\"elementor-widget-wrap elementor-element-populated\">\r\n\t\t\t\t\t\t\t\t<div class=\"elementor-element elementor-element-61ccc58 elementor-widget elementor-widget-porto_info_box\" data-id=\"61ccc58\" data-element_type=\"widget\" data-e-type=\"widget\" data-widget_type=\"porto_info_box.default\">\n\t\t\t\t<div class=\"elementor-widget-container\">\n\t\t\t\t\t<div class=\"porto-sicon-box style_1 top-icon\"><div class=\"porto-sicon-top\"><div class=\"porto-just-icon-wrapper porto-sicon-img  porto-icon-d751713988987e9331980363e24189ce\" style=\"\"><img loading=\"lazy\" decoding=\"async\" class=\"img-icon\" alt=\"\" src=\"https:\/\/safetica.ee\/wp-content\/uploads\/2025\/03\/4-2.png\" width=\"240\" height=\"240\" \/><\/div><\/div><div class=\"porto-sicon-header\"><h3 class=\"porto-sicon-title\" style=\"\">Nullp\u00e4eva turvaaukude tuvastamine ja neile reageerimine<\/h3><\/div> <!-- header --><div class=\"porto-sicon-description\" style=\"\" ><p class=\"p1\">Safetica ennetav tuvastamine ja viivitamatu reageerimine tekkivatele ohtudele tagab kaitse nullp\u00e4eva turvaaukude eest.<\/p><\/div> <!-- description --><\/div><!-- porto-sicon-box -->\t\t\t\t<\/div>\n\t\t\t\t<\/div>\n\t\t\t\t\t<\/div>\r\n\t\t\t\t<\/div>\r\n\t\t\t\t<div class=\"elementor-column elementor-col-33 elementor-inner-column elementor-element elementor-element-5343894\" data-id=\"5343894\" data-element_type=\"column\" data-e-type=\"column\">\r\n\t\t\t\t\t<div class=\"elementor-widget-wrap elementor-element-populated\">\r\n\t\t\t\t\t\t\t\t<div class=\"elementor-element elementor-element-81588c6 elementor-widget elementor-widget-porto_info_box\" data-id=\"81588c6\" data-element_type=\"widget\" data-e-type=\"widget\" data-widget_type=\"porto_info_box.default\">\n\t\t\t\t<div class=\"elementor-widget-container\">\n\t\t\t\t\t<div class=\"porto-sicon-box style_1 top-icon\"><div class=\"porto-sicon-top\"><div class=\"porto-just-icon-wrapper porto-sicon-img  porto-icon-d751713988987e9331980363e24189ce\" style=\"\"><img loading=\"lazy\" decoding=\"async\" class=\"img-icon\" alt=\"\" src=\"https:\/\/safetica.ee\/wp-content\/uploads\/2025\/03\/5-2.png\" width=\"240\" height=\"240\" \/><\/div><\/div><div class=\"porto-sicon-header\"><h3 class=\"porto-sicon-title\" style=\"\">K\u00e4itumise anal\u00fc\u00fcs ja anomaaliate tuvastamine<\/h3><\/div> <!-- header --><div class=\"porto-sicon-description\" style=\"\" ><p class=\"p1\">Safetica t\u00e4iustatud k\u00e4itumise anal\u00fc\u00fcsis\u00fcsteem tuvastab kahtlased tegevused ja anomaaliad, v\u00f5imaldades varakult avastada ja leevendada v\u00f5imalikke turvarikkumisi.<\/p><\/div> <!-- description --><\/div><!-- porto-sicon-box -->\t\t\t\t<\/div>\n\t\t\t\t<\/div>\n\t\t\t\t\t<\/div>\r\n\t\t\t\t<\/div>\r\n\t\t\t\t\t<\/div>\r\n\t\t\t\t<\/section>\r\n\t\t\t\t\t<\/div>\r\n\t\t\t\t<\/div>\r\n\t\t\t\t\t<\/div>\r\n\t\t\t\t<\/section>\r\n\t\t<div class=\"elementor-element elementor-element-d8d7a6d e-flex e-con-boxed e-con e-parent\" data-id=\"d8d7a6d\" data-element_type=\"container\" data-e-type=\"container\" data-settings=\"{&quot;background_background&quot;:&quot;classic&quot;}\">\r\n\t\t\t\t\t<div class=\"e-con-inner\">\r\n\t\t<div class=\"elementor-element elementor-element-3b7628d e-con-full e-flex e-con e-child\" data-id=\"3b7628d\" data-element_type=\"container\" data-e-type=\"container\">\r\n\t\t\t\t<div class=\"elementor-element elementor-element-95d044e elementor-widget elementor-widget-heading\" data-id=\"95d044e\" data-element_type=\"widget\" data-e-type=\"widget\" data-widget_type=\"heading.default\">\n\t\t\t\t<div class=\"elementor-widget-container\">\n\t\t\t\t\t<h1 class=\"elementor-heading-title elementor-size-default\">Kasutajad armastavad Safeticat<\/h1>\t\t\t\t<\/div>\n\t\t\t\t<\/div>\n\t\t\t\t<div class=\"elementor-element elementor-element-c8221ec elementor-widget elementor-widget-text-editor\" data-id=\"c8221ec\" data-element_type=\"widget\" data-e-type=\"widget\" data-widget_type=\"text-editor.default\">\n\t\t\t\t<div class=\"elementor-widget-container\">\n\t\t\t\t\t\t\t\t\t<p><span style=\"font-size: large;\"><span lang=\"et-EE\">Kliendid hindavad meie tuge ning leiavad, et Safeticat on lihtne kasutada ja seda saab kiiresti rakendada.<\/span><\/span><\/p>\n\t\t\t\t\t\t\t\t<\/div>\n\t\t\t\t<\/div>\n\t\t<div class=\"elementor-element elementor-element-c5f7d33 e-con-full e-flex e-con e-child\" data-id=\"c5f7d33\" data-element_type=\"container\" data-e-type=\"container\">\r\n\t\t\t\t<div class=\"elementor-element elementor-element-5445fab elementor-widget elementor-widget-porto_button\" data-id=\"5445fab\" data-element_type=\"widget\" data-e-type=\"widget\" data-widget_type=\"porto_button.default\">\n\t\t\t\t<div class=\"elementor-widget-container\">\n\t\t\t\t\t<a aria-label=\"button\" class=\"btn btn-md btn-light\" href=\"https:\/\/safetica.ee\/et\/viited\/\"><span >Lisateave<\/span><\/a>\t\t\t\t<\/div>\n\t\t\t\t<\/div>\n\t\t\t\t<\/div>\n\t\t\t\t<\/div>\n\t\t\t\t\t<\/div>\n\t\t\t\t<\/div>\n\t\t\t\t<\/div>\n\t\t","protected":false},"excerpt":{"rendered":"<p>Kasutaja tegevuste ja t\u00f6\u00f6ruumi auditeerimine Siseohtude tuvastamine ettev\u00f5tte kaitstud perimeetri Riskide anal\u00fc\u00fcs kasutaja tegevustes ja ohtlike toimingute blokeerimine Vari-IT (soovimatu tarkvara ja seadmed) avastamine ja tagaj\u00e4rgede leevendamine. Reaalajas teavitused ja kokkuv\u00f5tvad aruanded t\u00f6\u00f6ruumi ja kasutaja tegevuse kohta. Planeerige demo Olge teadlik kasutaja soovimatutest tegevustest T\u00e4nap\u00e4evane IT-turvalisus ei t\u00e4henda ainult ettev\u00f5tte kaitsmist v\u00e4liste ohtude eest, vaid [&hellip;]<\/p>\n","protected":false},"author":2,"featured_media":0,"parent":0,"menu_order":0,"comment_status":"closed","ping_status":"closed","template":"","meta":{"footnotes":""},"class_list":["post-7729","page","type-page","status-publish","hentry"],"aioseo_notices":[],"_links":{"self":[{"href":"https:\/\/safetica.ee\/et\/wp-json\/wp\/v2\/pages\/7729","targetHints":{"allow":["GET"]}}],"collection":[{"href":"https:\/\/safetica.ee\/et\/wp-json\/wp\/v2\/pages"}],"about":[{"href":"https:\/\/safetica.ee\/et\/wp-json\/wp\/v2\/types\/page"}],"author":[{"embeddable":true,"href":"https:\/\/safetica.ee\/et\/wp-json\/wp\/v2\/users\/2"}],"replies":[{"embeddable":true,"href":"https:\/\/safetica.ee\/et\/wp-json\/wp\/v2\/comments?post=7729"}],"version-history":[{"count":8,"href":"https:\/\/safetica.ee\/et\/wp-json\/wp\/v2\/pages\/7729\/revisions"}],"predecessor-version":[{"id":8508,"href":"https:\/\/safetica.ee\/et\/wp-json\/wp\/v2\/pages\/7729\/revisions\/8508"}],"wp:attachment":[{"href":"https:\/\/safetica.ee\/et\/wp-json\/wp\/v2\/media?parent=7729"}],"curies":[{"name":"wp","href":"https:\/\/api.w.org\/{rel}","templated":true}]}}