{"id":7619,"date":"2025-05-27T01:04:30","date_gmt":"2025-05-27T01:04:30","guid":{"rendered":"https:\/\/safetica.ee\/demo\/"},"modified":"2025-06-11T23:36:11","modified_gmt":"2025-06-11T23:36:11","slug":"demo","status":"publish","type":"page","link":"https:\/\/safetica.ee\/et\/demo\/","title":{"rendered":"Demo"},"content":{"rendered":"\t\t<div data-elementor-type=\"wp-page\" data-elementor-id=\"7619\" class=\"elementor elementor-7619 elementor-7435\" data-elementor-post-type=\"page\">\n\t\t\t\t<div class=\"elementor-element elementor-element-3f5dbf9 e-flex e-con-boxed e-con e-parent\" data-id=\"3f5dbf9\" data-element_type=\"container\" data-e-type=\"container\" data-settings=\"{&quot;background_background&quot;:&quot;classic&quot;}\">\r\n\t\t\t\t\t<div class=\"e-con-inner\">\r\n\t\t\t\t<div class=\"elementor-element elementor-element-a0f9159 elementor-widget__width-initial elementor-widget elementor-widget-heading\" data-id=\"a0f9159\" data-element_type=\"widget\" data-e-type=\"widget\" data-widget_type=\"heading.default\">\n\t\t\t\t<div class=\"elementor-widget-container\">\n\t\t\t\t\t<h1 class=\"elementor-heading-title elementor-size-default\">Broneeri oma <span class=\"text-primary\">toote demo<\/span> ja <span class=\"text-primary\">registreeri end tasuta<\/span>.<\/h1>\t\t\t\t<\/div>\n\t\t\t\t<\/div>\n\t\t\t\t\t<\/div>\n\t\t\t\t<\/div>\n\t\t\t\t<div class=\"elementor-section elementor-top-section elementor-element elementor-element-0cbc624 elementor-section-full_width p-t-2 pb-4 overflow-hidden elementor-section-height-default elementor-section-height-default\" data-id=\"0cbc624\" data-element_type=\"section\" data-e-type=\"section\">\r\n\t\t\r\n\t\t\t\t\t\t\t<div class=\"elementor-container elementor-column-gap-default\">\r\n\t\t\t\t\t\t\t\t\t\t\t<div class=\"elementor-column elementor-col-100 elementor-top-column elementor-element elementor-element-fe21250\" data-id=\"fe21250\" data-element_type=\"column\" data-e-type=\"column\">\r\n\t\t\t\t\t<div class=\"elementor-widget-wrap elementor-element-populated\">\r\n\t\t\t\t\t\t<div class=\"elementor-element elementor-element-77a4c79 mt-4 pt-1 m-b-md e-flex e-con-boxed e-con e-parent\" data-id=\"77a4c79\" data-element_type=\"container\" data-e-type=\"container\">\r\n\t\t\t\t\t<div class=\"e-con-inner\">\r\n\t\t<div class=\"elementor-element elementor-element-33d9814 e-con-full e-flex e-con e-child\" data-id=\"33d9814\" data-element_type=\"container\" data-e-type=\"container\" data-settings=\"{&quot;background_background&quot;:&quot;classic&quot;}\">\r\n\t\t\t\t<div class=\"elementor-element elementor-element-3040d75 elementor-widget elementor-widget-porto_contact_form\" data-id=\"3040d75\" data-element_type=\"widget\" data-e-type=\"widget\" data-widget_type=\"porto_contact_form.default\">\n\t\t\t\t<div class=\"elementor-widget-container\">\n\t\t\t\t\t\n<div class=\"wpcf7 no-js\" id=\"wpcf7-f7621-o1\" lang=\"et\" dir=\"ltr\" data-wpcf7-id=\"7621\">\n<div class=\"screen-reader-response\"><p role=\"status\" aria-live=\"polite\" aria-atomic=\"true\"><\/p> <ul><\/ul><\/div>\n<form action=\"\/et\/wp-json\/wp\/v2\/pages\/7619#wpcf7-f7621-o1\" method=\"post\" class=\"wpcf7-form init\" aria-label=\"Contact form\" novalidate=\"novalidate\" data-status=\"init\">\n<fieldset class=\"hidden-fields-container\"><input type=\"hidden\" name=\"_wpcf7\" value=\"7621\" \/><input type=\"hidden\" name=\"_wpcf7_version\" value=\"6.1.5\" \/><input type=\"hidden\" name=\"_wpcf7_locale\" value=\"et\" \/><input type=\"hidden\" name=\"_wpcf7_unit_tag\" value=\"wpcf7-f7621-o1\" \/><input type=\"hidden\" name=\"_wpcf7_container_post\" value=\"0\" \/><input type=\"hidden\" name=\"_wpcf7_posted_data_hash\" value=\"\" \/>\n<\/fieldset>\n<div class=\"contact-form-success alert alert-success d-none mt-4\">\n  <strong>\u00d5nnestus!<\/strong> Teie s\u00f5num on meile saadetud.\n<\/div>\n\n<div class=\"contact-form-error alert alert-danger d-none mt-4\">\n  <strong>Error!<\/strong> Teie s\u00f5numi saatmisel tekkis viga.\n  <span class=\"mail-error-message text-1 d-block\"><\/span>\n<\/div>\n\n<div class=\"row\">\n  <div class=\"form-group col-lg-6\">\n    <label for=\"first-name\">Eesnimi*<\/label>\n    <span class=\"wpcf7-form-control-wrap\" data-name=\"first-name\"><input size=\"40\" maxlength=\"400\" class=\"wpcf7-form-control wpcf7-text wpcf7-validates-as-required w-100\" id=\"first-name\" aria-required=\"true\" aria-invalid=\"false\" placeholder=\"Eesnimi\" value=\"\" type=\"text\" name=\"first-name\" \/><\/span>\n  <\/div>\n  <div class=\"form-group col-lg-6\">\n    <label for=\"surname\">Perekonnanimi*<\/label>\n    <span class=\"wpcf7-form-control-wrap\" data-name=\"surname\"><input size=\"40\" maxlength=\"400\" class=\"wpcf7-form-control wpcf7-text wpcf7-validates-as-required w-100\" id=\"surname\" aria-required=\"true\" aria-invalid=\"false\" placeholder=\"Perekonnanimi\" value=\"\" type=\"text\" name=\"surname\" \/><\/span>\n  <\/div>\n<\/div>\n\n<div class=\"row\">\n  <div class=\"form-group col-lg-6\">\n    <label for=\"business-email\">Ettev\u00f5tte e-mail*<\/label>\n<span class=\"wpcf7-form-control-wrap\" data-name=\"business-email\"><input size=\"40\" maxlength=\"400\" class=\"wpcf7-form-control wpcf7-email wpcf7-validates-as-required wpcf7-text wpcf7-validates-as-email w-100\" id=\"business-email\" aria-required=\"true\" aria-invalid=\"false\" placeholder=\"Ettev\u00f5tte e-mail\" value=\"\" type=\"email\" name=\"business-email\" \/><\/span>\n  <\/div>\n  <div class=\"form-group col-lg-6\">\n    <label for=\"country\">Riik*<\/label>\n    <span class=\"wpcf7-form-control-wrap\" data-name=\"country\"><input size=\"40\" maxlength=\"400\" class=\"wpcf7-form-control wpcf7-text wpcf7-validates-as-required w-100\" id=\"country\" aria-required=\"true\" aria-invalid=\"false\" placeholder=\"Riik\" value=\"\" type=\"text\" name=\"country\" \/><\/span>\n  <\/div>\n<\/div>\n\n<div class=\"row\">\n  <div class=\"form-group\">\n    <label for=\"tel-469\">Telefoninumber*<\/label>\n    <span class=\"wpcf7-form-control-wrap\" data-name=\"tel-469\"><input size=\"40\" maxlength=\"400\" class=\"wpcf7-form-control wpcf7-tel wpcf7-validates-as-required wpcf7-text wpcf7-validates-as-tel w-100\" id=\"tel-469\" aria-required=\"true\" aria-invalid=\"false\" placeholder=\"Telefoninumber\" value=\"\" type=\"tel\" name=\"tel-469\" \/><\/span>\n  <\/div>\n<\/div>\n\n<p class=\"text-small\">\nKavandatud kasutusjuhtumid\n<\/p>\n\n<div class=\"form-group mt-3\">\n<div>\n  <span class=\"wpcf7-form-control-wrap\" data-name=\"data-protection\"><span class=\"wpcf7-form-control wpcf7-acceptance optional\"><span class=\"wpcf7-list-item\"><label><input type=\"checkbox\" name=\"data-protection\" value=\"1\" aria-invalid=\"false\" \/><span class=\"wpcf7-list-item-label\">Andmekaitse (DLP)<\/span><\/label><\/span><\/span><\/span><\/div>\n <div><span class=\"wpcf7-form-control-wrap\" data-name=\"compliance-data-discovery\"><span class=\"wpcf7-form-control wpcf7-acceptance optional\"><span class=\"wpcf7-list-item\"><label><input type=\"checkbox\" name=\"compliance-data-discovery\" value=\"1\" aria-invalid=\"false\" \/><span class=\"wpcf7-list-item-label\">Vastavus ja andmete avastamine<\/span><\/label><\/span><\/span><\/span><\/div>\n <div><span class=\"wpcf7-form-control-wrap\" data-name=\"cloud-security\"><span class=\"wpcf7-form-control wpcf7-acceptance optional\"><span class=\"wpcf7-list-item\"><label><input type=\"checkbox\" name=\"cloud-security\" value=\"1\" aria-invalid=\"false\" \/><span class=\"wpcf7-list-item-label\">Pilve turvalisus<\/span><\/label><\/span><\/span><\/span><\/div>\n <div><span class=\"wpcf7-form-control-wrap\" data-name=\"insider-risk-user-behavior\"><span class=\"wpcf7-form-control wpcf7-acceptance optional\"><span class=\"wpcf7-list-item\"><label><input type=\"checkbox\" name=\"insider-risk-user-behavior\" value=\"1\" aria-invalid=\"false\" \/><span class=\"wpcf7-list-item-label\">Siseriskide ja kasutajak\u00e4itumise anal\u00fc\u00fcs (UEBA)<\/span><\/label><\/span><\/span><\/span><\/div>\n<\/div>\n\n<div class=\"mt-3\">\n<p class=\"text-small\">\n  *Teie privaatsus on meile oluline. Vaadake meie\n  <a href=\"https:\/\/go.safetica.com\/privacy_policy\" target=\"_blank\">privaatsuspoliitikat<\/a> lisateabe saamiseks.\n<\/p>\n<\/div>\n<div class=\"form-group mt-3\">\n  <span class=\"wpcf7-form-control-wrap\" data-name=\"marketing-acceptance\"><span class=\"wpcf7-form-control wpcf7-acceptance optional\"><span class=\"wpcf7-list-item\"><label><input type=\"checkbox\" name=\"marketing-acceptance\" value=\"1\" class=\"marketing-acceptance\" aria-invalid=\"false\" \/><span class=\"wpcf7-list-item-label\">Luban Safetica'l kasutada minu andmeid turundus- ja m\u00fc\u00fcgieesm\u00e4rkidel.<\/span><\/label><\/span><\/span><\/span>\n<\/div>\n\n<div class=\"form-group mt-3\">\n  <input class=\"wpcf7-form-control wpcf7-submit has-spinner btn btn-secondary btn-submit\" type=\"submit\" value=\"Saada\" \/>\n<\/div><div class=\"wpcf7-response-output\" aria-hidden=\"true\"><\/div>\n<\/form>\n<\/div>\n\t\t\t\t<\/div>\n\t\t\t\t<\/div>\n\t\t\t\t<\/div>\n\t\t<div class=\"elementor-element elementor-element-310f83b e-flex e-con-boxed e-con e-child\" data-id=\"310f83b\" data-element_type=\"container\" data-e-type=\"container\">\r\n\t\t\t\t\t<div class=\"e-con-inner\">\r\n\t\t\t\t<div class=\"elementor-element elementor-element-ab51a95 m-b-xl elementor-widget__width-initial elementor-widget elementor-widget-porto_ultimate_heading\" data-id=\"ab51a95\" data-element_type=\"widget\" data-e-type=\"widget\" data-widget_type=\"porto_ultimate_heading.default\">\n\t\t\t\t<div class=\"elementor-widget-container\">\n\t\t\t\t\t<div class=\"porto-u-heading  porto-u-ad87e2eaf3f9c495180fe0156ddf3eb0\"><div class=\"porto-u-main-heading\"><h3    style=\"margin-bottom: 16px;\">Vaadake Safetica toimimist. T\u00e4itke see kiire kontaktvorm juba t\u00e4na.<\/h3><\/div><div class=\"porto-u-sub-heading\" style=\"\"><p>Avastage, kuidas me saame kaitsta teie ettev\u00f5tte andmeid meie tarkvara personaalse demo kaudu.<\/p><\/div><style>.porto-u-ad87e2eaf3f9c495180fe0156ddf3eb0.porto-u-heading{text-align:left}<\/style><\/div>\t\t\t\t<\/div>\n\t\t\t\t<\/div>\n\t\t\t\t<div class=\"elementor-element elementor-element-485261a elementor-widget__width-inherit elementor-widget elementor-widget-text-editor\" data-id=\"485261a\" data-element_type=\"widget\" data-e-type=\"widget\" data-widget_type=\"text-editor.default\">\n\t\t\t\t<div class=\"elementor-widget-container\">\n\t\t\t\t\t\t\t\t\t<p>Safetica abil saate:<\/p>\n<ul>\n<li>Kiiresti kasutusele v\u00f5tta ja h\u00f5lpsasti hooldada meie DLP-lahendust.<\/li>\n<li>Kaitske oma oskusteavet ja v\u00e4ltige tundlike andmete lekkimist.<\/li>\n<li>J\u00e4rgida andmekaitse-eeskirju, nagu GDPR, HIPAA v\u00f5i PCI-DSS.<\/li>\n<\/ul>\n\t\t\t\t\t\t\t\t<\/div>\n\t\t\t\t<\/div>\n\t\t<div class=\"elementor-element elementor-element-4980030 e-con-full e-flex e-con e-child\" data-id=\"4980030\" data-element_type=\"container\" data-e-type=\"container\">\r\n\t\t\t\t<div class=\"elementor-element elementor-element-6f16e84 elementor-widget elementor-widget-image\" data-id=\"6f16e84\" data-element_type=\"widget\" data-e-type=\"widget\" data-widget_type=\"image.default\">\n\t\t\t\t<div class=\"elementor-widget-container\">\n\t\t\t\t\t\t\t\t\t\t\t\t\t\t\t<img decoding=\"async\" width=\"109\" height=\"126\" src=\"https:\/\/safetica.ee\/wp-content\/uploads\/2025\/05\/frame_907.png\" class=\"attachment-large size-large wp-image-7505\" alt=\"\" \/>\t\t\t\t\t\t\t\t\t\t\t\t\t\t\t<\/div>\n\t\t\t\t<\/div>\n\t\t\t\t<div class=\"elementor-element elementor-element-971859f elementor-widget elementor-widget-image\" data-id=\"971859f\" data-element_type=\"widget\" data-e-type=\"widget\" data-widget_type=\"image.default\">\n\t\t\t\t<div class=\"elementor-widget-container\">\n\t\t\t\t\t\t\t\t\t\t\t\t\t\t\t<img decoding=\"async\" width=\"109\" height=\"122\" src=\"https:\/\/safetica.ee\/wp-content\/uploads\/2025\/05\/new_americas.png\" class=\"attachment-large size-large wp-image-7508\" alt=\"\" \/>\t\t\t\t\t\t\t\t\t\t\t\t\t\t\t<\/div>\n\t\t\t\t<\/div>\n\t\t\t\t<div class=\"elementor-element elementor-element-c5eef41 elementor-widget elementor-widget-image\" data-id=\"c5eef41\" data-element_type=\"widget\" data-e-type=\"widget\" data-widget_type=\"image.default\">\n\t\t\t\t<div class=\"elementor-widget-container\">\n\t\t\t\t\t\t\t\t\t\t\t\t\t\t\t<img decoding=\"async\" width=\"101\" height=\"107\" src=\"https:\/\/safetica.ee\/wp-content\/uploads\/2025\/05\/leader-winter-2021-black.png\" class=\"attachment-large size-large wp-image-7511\" alt=\"\" \/>\t\t\t\t\t\t\t\t\t\t\t\t\t\t\t<\/div>\n\t\t\t\t<\/div>\n\t\t\t\t<\/div>\n\t\t\t\t\t<\/div>\n\t\t\t\t<\/div>\n\t\t\t\t\t<\/div>\n\t\t\t\t<\/div>\n\t\t\t\t\t<\/div>\r\n\t\t\t\t<\/div>\r\n\t\t\t\t\t<\/div>\r\n\t\t\t\t<\/div>\r\n\t\t\t\t<\/div>\n\t\t","protected":false},"excerpt":{"rendered":"<p>Broneeri oma toote demo ja registreeri end tasuta. Success! Your message has been sent to us. Error! There was an error sending your message. First name* Last Name* Business e-mail* Country* Phone number* Intended Use Cases Data Protection (DLP) Compliance &#038; Data Discovery Cloud Security Insider Risk &#038; User Behavior Analytics (UEBA) *Your privacy is [&hellip;]<\/p>\n","protected":false},"author":1,"featured_media":0,"parent":0,"menu_order":0,"comment_status":"closed","ping_status":"closed","template":"","meta":{"footnotes":""},"class_list":["post-7619","page","type-page","status-publish","hentry"],"aioseo_notices":[],"_links":{"self":[{"href":"https:\/\/safetica.ee\/et\/wp-json\/wp\/v2\/pages\/7619","targetHints":{"allow":["GET"]}}],"collection":[{"href":"https:\/\/safetica.ee\/et\/wp-json\/wp\/v2\/pages"}],"about":[{"href":"https:\/\/safetica.ee\/et\/wp-json\/wp\/v2\/types\/page"}],"author":[{"embeddable":true,"href":"https:\/\/safetica.ee\/et\/wp-json\/wp\/v2\/users\/1"}],"replies":[{"embeddable":true,"href":"https:\/\/safetica.ee\/et\/wp-json\/wp\/v2\/comments?post=7619"}],"version-history":[{"count":1,"href":"https:\/\/safetica.ee\/et\/wp-json\/wp\/v2\/pages\/7619\/revisions"}],"predecessor-version":[{"id":7620,"href":"https:\/\/safetica.ee\/et\/wp-json\/wp\/v2\/pages\/7619\/revisions\/7620"}],"wp:attachment":[{"href":"https:\/\/safetica.ee\/et\/wp-json\/wp\/v2\/media?parent=7619"}],"curies":[{"name":"wp","href":"https:\/\/api.w.org\/{rel}","templated":true}]}}